{"id":10073,"date":"2011-11-03T23:04:24","date_gmt":"2011-11-04T05:04:24","guid":{"rendered":"http:\/\/destellodesugloria.org\/blog\/?page_id=10073"},"modified":"2012-12-30T14:50:59","modified_gmt":"2012-12-30T20:50:59","slug":"ofrendar","status":"publish","type":"page","link":"https:\/\/destellodesugloria.org\/blog\/ofrendar\/","title":{"rendered":"Ofrendar"},"content":{"rendered":"<h2 style=\"text-align: center;\"><strong>OFRENDA VOLUNTARIAMENTE<\/strong><\/h2>\n<p style=\"text-align: justify;\">Para nosotros como <strong>Ministerio Destellodesugloria.org<\/strong> es una bendici\u00f3n el poderte servir de la mejor manera, envi\u00e1ndote cada d\u00eda Palabra de Dios para que te alimentes.<\/p>\n<p style=\"text-align: justify;\">Por muchos a\u00f1os hemos llevado a cabo esta labor con la \u00fanica intenci\u00f3n de glorificar el Nombre de nuestro Se\u00f1or.<\/p>\n<p style=\"text-align: justify;\">Lo que muchos no saben, es que cada Ministerio que vez en la web que forma parte de <strong>Destellodesugloria.org<\/strong> tienen mensualmente una inversi\u00f3n que con la ayuda de Dios la hemos suplido cada mes por mes de seis a\u00f1os.<\/p>\n<p style=\"text-align: justify;\">Muchas personas en alguna vez nos preguntaron \u00bfC\u00f3mo pod\u00eda ayudarnos econ\u00f3micamente?, pero siempre respondimos que a su debido tiempo les \u00edbamos a informar de la forma como podr\u00edan ayudar.<\/p>\n<p style=\"text-align: justify;\">Hoy queremos poner a tu disposici\u00f3n la opci\u00f3n de <strong>OFRENDAR<\/strong>, con la cual tu puedes sembrar en este Ministerio para que podamos seguir llevando a cabo esta tarea y abriendo muchos m\u00e1s Ministerio en la web.<\/p>\n<p style=\"text-align: justify;\">Tienes que tener la seguridad total que el dinero ofrendado, ser\u00e1 exclusivamente para mantener todos nuestros Ministerios en la web y mejorar nuestros sistemas.<\/p>\n<p style=\"text-align: justify;\">Con <strong>$1<\/strong>\u00a0que cada visitante pudiera ofrendar mensualmente, este Ministerio as\u00ed como muchos m\u00e1s seguir\u00e1n manteni\u00e9ndose en la web y podremos tambi\u00e9n abrir muchos m\u00e1s Ministerios, ahora bien, si Dios pone en tu coraz\u00f3n ofrendar m\u00e1s, cr\u00e9eme que ser\u00e1 de mucha bendici\u00f3n.<\/p>\n<p style=\"text-align: justify;\">La ofrenda es voluntaria, no sientas presi\u00f3n alguna, sabemos que dependemos de Dios y \u00c9l act\u00faa de diferentes formas para seguir manteniendo estos Ministerio, porque si de algo estamos seguros es que <strong>DIOS MINISTRA<\/strong> millones de vidas alrededor del mundo a trav\u00e9s de este y muchos otros Ministerios de nuestra red.<\/p>\n<p style=\"text-align: justify;\"><strong>Para poder ofrendar tienes que tener una cuenta en PayPal y hacerlo por medio de esa v\u00eda, a continuaci\u00f3n colocamos el bot\u00f3n de OFRENDAR:<\/strong><\/p>\n<form action=\"https:\/\/www.paypal.com\/cgi-bin\/webscr\" method=\"post\"><input type=\"hidden\" name=\"cmd\" value=\"_s-xclick\" \/><br \/>\n<input type=\"hidden\" name=\"hosted_button_id\" value=\"HJ962NKBU5UJC\" \/><br \/>\n<input type=\"image\" alt=\"PayPal. La forma r\u00e1pida y segura de pagar en Internet.\" name=\"submit\" src=\"https:\/\/destellodesugloria.org\/blog\/wp-content\/uploads\/2011\/11\/ofrendar-online.jpg\" \/><br \/>\n<img loading=\"lazy\" decoding=\"async\" alt=\"\" src=\"https:\/\/www.paypal.com\/es_XC\/i\/scr\/pixel.gif\" width=\"1\" height=\"1\" border=\"0\" \/><\/form>\n<p style=\"text-align: center;\">\n<p style=\"text-align: justify;\">Si no tienes una cuenta PayPal y quieres ofrendar a trav\u00e9s de una<strong> transferencia bancaria<\/strong> o a trav\u00e9s de <strong>Western Union<\/strong>, entonces comun\u00edcate con nosotros envi\u00e1ndonos un correo a: <strong>staffdestello@hotmail.com<\/strong> y expl\u00edcanos que estas interesado en Ofrendar y nos pondremos de acuerdo.<\/p>\n<p style=\"text-align: justify;\">Gracias de antemano por tu voluntad de ofrendar para que este y otros Ministerios sigan llevando a cabo esta Misi\u00f3n.<\/p>\n<p style=\"text-align: justify;\"><strong>Staff de Destellodesugloria.org<\/strong><\/p>\n<blockquote>\n<h2 style=\"text-align: center;\"><strong><em>\u00abCada uno d\u00e9 como propuso en su coraz\u00f3n: no con tristeza, ni por necesidad, porque Dios ama al dador alegre\u00bb.<\/em><\/strong><\/h2>\n<h2 style=\"text-align: center;\"><strong><em>2 Corintios 9:7<\/em><\/strong><\/h2>\n<\/blockquote>\n<iframe src=\"https:\/\/www.facebook.com\/plugins\/like.php?href=https%3A%2F%2Fdestellodesugloria.org%2Fblog%2Fofrendar%2F&amp;layout=standard&amp;show_faces=true&amp;width=450&amp;action=like&amp;colorscheme=light&amp;height=80\" scrolling=\"no\" frameborder=\"0\" style=\"border:none; overflow:hidden; width:450px; height:80px;\" allowTransparency=\"true\"><\/iframe>","protected":false},"excerpt":{"rendered":"<p>OFRENDA VOLUNTARIAMENTE Para nosotros como Ministerio Destellodesugloria.org es una bendici\u00f3n el poderte servir de la mejor manera, envi\u00e1ndote cada d\u00eda Palabra de Dios para que te alimentes. Por muchos a\u00f1os hemos llevado a cabo esta labor con la \u00fanica intenci\u00f3n de glorificar el Nombre de nuestro Se\u00f1or. Lo que muchos no saben, es que cada [&hellip;]<\/p>\n","protected":false},"author":2,"featured_media":21775,"parent":0,"menu_order":0,"comment_status":"open","ping_status":"open","template":"","meta":{"footnotes":""},"class_list":["post-10073","page","type-page","status-publish","has-post-thumbnail","hentry"],"_links":{"self":[{"href":"https:\/\/destellodesugloria.org\/blog\/wp-json\/wp\/v2\/pages\/10073","targetHints":{"allow":["GET"]}}],"collection":[{"href":"https:\/\/destellodesugloria.org\/blog\/wp-json\/wp\/v2\/pages"}],"about":[{"href":"https:\/\/destellodesugloria.org\/blog\/wp-json\/wp\/v2\/types\/page"}],"author":[{"embeddable":true,"href":"https:\/\/destellodesugloria.org\/blog\/wp-json\/wp\/v2\/users\/2"}],"replies":[{"embeddable":true,"href":"https:\/\/destellodesugloria.org\/blog\/wp-json\/wp\/v2\/comments?post=10073"}],"version-history":[{"count":3,"href":"https:\/\/destellodesugloria.org\/blog\/wp-json\/wp\/v2\/pages\/10073\/revisions"}],"predecessor-version":[{"id":16341,"href":"https:\/\/destellodesugloria.org\/blog\/wp-json\/wp\/v2\/pages\/10073\/revisions\/16341"}],"wp:featuredmedia":[{"embeddable":true,"href":"https:\/\/destellodesugloria.org\/blog\/wp-json\/wp\/v2\/media\/21775"}],"wp:attachment":[{"href":"https:\/\/destellodesugloria.org\/blog\/wp-json\/wp\/v2\/media?parent=10073"}],"curies":[{"name":"wp","href":"https:\/\/api.w.org\/{rel}","templated":true}]}}